{"id":18,"date":"2016-04-02T00:25:42","date_gmt":"2016-04-01T21:25:42","guid":{"rendered":"http:\/\/www.scandinavia.ropefest.com\/?page_id=18"},"modified":"2016-04-23T11:20:19","modified_gmt":"2016-04-23T08:20:19","slug":"program","status":"publish","type":"page","link":"https:\/\/www.scandinavia.ropefest.com\/et\/program\/","title":{"rendered":"Programm"},"content":{"rendered":"<p>Festival on koht suhtlemiseks, tutvumiseks, kogemuste vahetamiseks ja meeldivaks ajaveetmiseks. Seda k\u00f5ike me RopeFest Scandinavias kindlasti lubame.<br \/>\nFestvai programmis on:<br \/>\naeg suhtlemiseks<br \/>\naeg vabaks sidumiseks (peer rope)<br \/>\nmitu seminari ja master-class\u2019i<br \/>\nshow-programm pealaval<br \/>\nHetkel me v\u00f5tame vastu <a href=\"http:\/\/www.scandinavia.ropefest.com\/et\/application\/\">osav\u00f5tu avaldused<\/a>. Festivali t\u00e4pne ajakava avaldatakse 2-3 n\u00e4dalat enne festivali algust.<\/p><!-- iShare buttons -->\r\n<div data-description=\"Festival on koht suhtlemiseks, tutvumiseks, kogemuste vahetamiseks ja meeldivaks ajaveetmiseks. Seda k\u00f5ike me RopeFest Scandinavias kindlasti lubame. Festvai programmis on: ...\"  data-title=\"Programm\"  data-url=\"https:\/\/www.scandinavia.ropefest.com\/et\/program\/\"  class=\"it-share-858543936f7011231598bf21a5609a76-18_2 horizontal left\"><\/div><script type=\"text\/javascript\" async charset=\"utf-8\" src=\"\/\/share.itraffic.su\/share.js?buttons=vk,fb,tw,tg,wa,mm&size=big&theme=34&direction=horizontal&add=0&key=858543936f7011231598bf21a5609a76-18_2\"><\/script>\r\n<!-- \/iShare buttons -->","protected":false},"excerpt":{"rendered":"<p>Festival on koht suhtlemiseks, tutvumiseks, kogemuste vahetamiseks ja meeldivaks ajaveetmiseks. Seda k\u00f5ike me RopeFest Scandinavias kindlasti lubame. Festvai programmis on: aeg suhtlemiseks aeg vabaks sidumiseks (peer rope) mitu seminari ja master-class\u2019i show-programm pealaval Hetkel me v\u00f5tame vastu osav\u00f5tu avaldused. Festivali t\u00e4pne ajakava avaldatakse 2-3 n\u00e4dalat enne festivali algust.<\/p>\n","protected":false},"author":1,"featured_media":0,"parent":0,"menu_order":0,"comment_status":"closed","ping_status":"closed","template":"template-fullwidth.php","meta":{"footnotes":""},"class_list":["post-18","page","type-page","status-publish","hentry"],"_links":{"self":[{"href":"https:\/\/www.scandinavia.ropefest.com\/et\/wp-json\/wp\/v2\/pages\/18","targetHints":{"allow":["GET"]}}],"collection":[{"href":"https:\/\/www.scandinavia.ropefest.com\/et\/wp-json\/wp\/v2\/pages"}],"about":[{"href":"https:\/\/www.scandinavia.ropefest.com\/et\/wp-json\/wp\/v2\/types\/page"}],"author":[{"embeddable":true,"href":"https:\/\/www.scandinavia.ropefest.com\/et\/wp-json\/wp\/v2\/users\/1"}],"replies":[{"embeddable":true,"href":"https:\/\/www.scandinavia.ropefest.com\/et\/wp-json\/wp\/v2\/comments?post=18"}],"version-history":[{"count":0,"href":"https:\/\/www.scandinavia.ropefest.com\/et\/wp-json\/wp\/v2\/pages\/18\/revisions"}],"wp:attachment":[{"href":"https:\/\/www.scandinavia.ropefest.com\/et\/wp-json\/wp\/v2\/media?parent=18"}],"curies":[{"name":"wp","href":"https:\/\/api.w.org\/{rel}","templated":true}]}}