{"id":37,"date":"2016-04-04T12:16:17","date_gmt":"2016-04-04T09:16:17","guid":{"rendered":"http:\/\/www.scandinavia.ropefest.com\/?page_id=37"},"modified":"2016-06-16T23:50:39","modified_gmt":"2016-06-16T20:50:39","slug":"tickets","status":"publish","type":"page","link":"https:\/\/www.scandinavia.ropefest.com\/et\/tickets\/","title":{"rendered":"Piletid"},"content":{"rendered":"<p>\u00dche inimese p\u00e4evapileti hind on 15 eur.<\/p>\n<p>Piletid saab osta <a href=\"http:\/\/www.scandinavia.ropefest.com\/et\/address\/\">klubi kassast<\/a> koha peal.<\/p>\n<p>Internetis:\u00a0 <a href=\"http:\/\/www.piletilevi.ee\/est\/piletid\/festival\/mitmesugust\/ropefest-skandinaavias-rahvusvaheline-shibari-festival-43487\/\" rel=\"attachment wp-att-123\"><img loading=\"lazy\" decoding=\"async\" class=\"alignnone wp-image-123\" src=\"http:\/\/www.scandinavia.ropefest.com\/wp-content\/uploads\/2016\/04\/PL_Logo_app-150x150.png\" alt=\"PL_Logo_app\" width=\"48\" height=\"44\" \/><\/a>\u00a0 (<a href=\"http:\/\/www.piletilevi.ee\/est\/piletid\/festival\/mitmesugust\/ropefest-skandinaavias-rahvusvaheline-shibari-festival-43487\/\" target=\"_blank\">piletilevi.ee<\/a>)<\/p>\n<p>Interneti kaudu ostetud \u00fche inimese p\u00e4evapileti hind on 12 eur.<br \/>\nT\u00c4HELEPANU! Festivalile ei lasta alla 18 aastased isikud. Kui Teie n\u00e4ete noor v\u00e4lja palume kaasa v\u00f5tta isikut\u00f5endava dokumendi.<\/p><!-- iShare buttons -->\r\n<div data-description=\"\u00dche inimese p\u00e4evapileti hind on 15 eur. Piletid saab osta klubi kassast koha peal. Internetis:\u00a0 \u00a0 (piletilevi.ee) Interneti kaudu ostetud ...\"  data-title=\"Piletid\"  data-url=\"https:\/\/www.scandinavia.ropefest.com\/et\/tickets\/\"  class=\"it-share-858543936f7011231598bf21a5609a76-37_2 horizontal left\"><\/div><script type=\"text\/javascript\" async charset=\"utf-8\" src=\"\/\/share.itraffic.su\/share.js?buttons=vk,fb,tw,tg,wa,mm&size=big&theme=34&direction=horizontal&add=0&key=858543936f7011231598bf21a5609a76-37_2\"><\/script>\r\n<!-- \/iShare buttons -->","protected":false},"excerpt":{"rendered":"<p>\u00dche inimese p\u00e4evapileti hind on 15 eur. Piletid saab osta klubi kassast koha peal. Internetis:\u00a0 \u00a0 (piletilevi.ee) Interneti kaudu ostetud \u00fche inimese p\u00e4evapileti hind on 12 eur. T\u00c4HELEPANU! Festivalile ei lasta alla 18 aastased isikud. Kui Teie n\u00e4ete noor v\u00e4lja palume kaasa v\u00f5tta isikut\u00f5endava dokumendi.<\/p>\n","protected":false},"author":1,"featured_media":0,"parent":0,"menu_order":0,"comment_status":"closed","ping_status":"closed","template":"template-fullwidth.php","meta":{"footnotes":""},"class_list":["post-37","page","type-page","status-publish","hentry"],"_links":{"self":[{"href":"https:\/\/www.scandinavia.ropefest.com\/et\/wp-json\/wp\/v2\/pages\/37","targetHints":{"allow":["GET"]}}],"collection":[{"href":"https:\/\/www.scandinavia.ropefest.com\/et\/wp-json\/wp\/v2\/pages"}],"about":[{"href":"https:\/\/www.scandinavia.ropefest.com\/et\/wp-json\/wp\/v2\/types\/page"}],"author":[{"embeddable":true,"href":"https:\/\/www.scandinavia.ropefest.com\/et\/wp-json\/wp\/v2\/users\/1"}],"replies":[{"embeddable":true,"href":"https:\/\/www.scandinavia.ropefest.com\/et\/wp-json\/wp\/v2\/comments?post=37"}],"version-history":[{"count":0,"href":"https:\/\/www.scandinavia.ropefest.com\/et\/wp-json\/wp\/v2\/pages\/37\/revisions"}],"wp:attachment":[{"href":"https:\/\/www.scandinavia.ropefest.com\/et\/wp-json\/wp\/v2\/media?parent=37"}],"curies":[{"name":"wp","href":"https:\/\/api.w.org\/{rel}","templated":true}]}}