{"id":62,"date":"2016-04-05T01:10:19","date_gmt":"2016-04-04T22:10:19","guid":{"rendered":"http:\/\/www.scandinavia.ropefest.com\/?page_id=62"},"modified":"2016-07-14T12:58:10","modified_gmt":"2016-07-14T09:58:10","slug":"application","status":"publish","type":"page","link":"https:\/\/www.scandinavia.ropefest.com\/et\/application\/","title":{"rendered":"Osav\u00f5tu taotlus"},"content":{"rendered":"<p>Palume saata teie taotlus e-posti aadressile <a href=\"mailto:ropefest@artco.su\">ropefest@artco.su<\/a><br \/>\nTaotlusele palume lisada:<\/p>\n<ul>\n<li>l\u00fchike CV;<\/li>\n<li>m\u00f5ned pildid teie etteastetest;<\/li>\n<li>soovitavalt ka video (kui on olemas).<\/li>\n<\/ul>\n<p>Osav\u00f5tu tingimused:<\/p>\n<ul>\n<li>teie etteaste peab olema shibari teemaga seotud;<\/li>\n<li>etteaste pikkus mitte rohkem kui 30 minutit;<\/li>\n<li>teised tehnikad on lubatud, kuid n\u00f6\u00f6rbondaa\u017e peab j\u00e4\u00e4ma etteaste peamiseks teemaks;<\/li>\n<li>modelli alasti olek on v\u00f5imalik, kuid seksuaalne vahekord ei ole lubatud;<\/li>\n<li>osav\u00f5tjale v\u00f5imaldatakse majutus kolmeks p\u00e4evaks: 15, 16 ja 17 juuliks.<\/li>\n<\/ul>\n<p>Me oleme v\u00f5imelised vastu v\u00f5tma 16 osav\u00f5tja. K\u00e4esoleval ajal on juba laekunud ja on kinnitatud 4 taotlust.<\/p>\n<p>Avalduste vastuv\u00f5tt l\u00f5petatakse 18-ndal juunil v\u00f5i varem, juhul kui piisav arv avaldusi laekub juba enne seda p\u00e4eva.<\/p><!-- iShare buttons -->\r\n<div data-description=\"Palume saata teie taotlus e-posti aadressile ropefest@artco.su Taotlusele palume lisada: l\u00fchike CV; m\u00f5ned pildid teie etteastetest; soovitavalt ka video (kui ...\"  data-title=\"Osav\u00f5tu taotlus\"  data-url=\"https:\/\/www.scandinavia.ropefest.com\/et\/application\/\"  class=\"it-share-858543936f7011231598bf21a5609a76-62_2 horizontal left\"><\/div><script type=\"text\/javascript\" async charset=\"utf-8\" src=\"\/\/share.itraffic.su\/share.js?buttons=vk,fb,tw,tg,wa,mm&size=big&theme=34&direction=horizontal&add=0&key=858543936f7011231598bf21a5609a76-62_2\"><\/script>\r\n<!-- \/iShare buttons -->","protected":false},"excerpt":{"rendered":"<p>Palume saata teie taotlus e-posti aadressile ropefest@artco.su Taotlusele palume lisada: l\u00fchike CV; m\u00f5ned pildid teie etteastetest; soovitavalt ka video (kui on olemas). Osav\u00f5tu tingimused: teie etteaste peab olema shibari teemaga seotud; etteaste pikkus mitte rohkem kui 30 minutit; teised tehnikad on lubatud, kuid n\u00f6\u00f6rbondaa\u017e peab j\u00e4\u00e4ma etteaste peamiseks teemaks; modelli alasti olek on v\u00f5imalik, kuid<a class=\"moretag\" href=\"https:\/\/www.scandinavia.ropefest.com\/et\/application\/\"><span class=\"screen-reader-text\">Read more about Osav\u00f5tu taotlus<\/span>[&#8230;]<\/a><\/p>\n","protected":false},"author":1,"featured_media":0,"parent":0,"menu_order":0,"comment_status":"closed","ping_status":"closed","template":"template-fullwidth.php","meta":{"footnotes":""},"class_list":["post-62","page","type-page","status-publish","hentry"],"_links":{"self":[{"href":"https:\/\/www.scandinavia.ropefest.com\/et\/wp-json\/wp\/v2\/pages\/62","targetHints":{"allow":["GET"]}}],"collection":[{"href":"https:\/\/www.scandinavia.ropefest.com\/et\/wp-json\/wp\/v2\/pages"}],"about":[{"href":"https:\/\/www.scandinavia.ropefest.com\/et\/wp-json\/wp\/v2\/types\/page"}],"author":[{"embeddable":true,"href":"https:\/\/www.scandinavia.ropefest.com\/et\/wp-json\/wp\/v2\/users\/1"}],"replies":[{"embeddable":true,"href":"https:\/\/www.scandinavia.ropefest.com\/et\/wp-json\/wp\/v2\/comments?post=62"}],"version-history":[{"count":0,"href":"https:\/\/www.scandinavia.ropefest.com\/et\/wp-json\/wp\/v2\/pages\/62\/revisions"}],"wp:attachment":[{"href":"https:\/\/www.scandinavia.ropefest.com\/et\/wp-json\/wp\/v2\/media?parent=62"}],"curies":[{"name":"wp","href":"https:\/\/api.w.org\/{rel}","templated":true}]}}