{"id":9,"date":"2016-04-01T23:56:58","date_gmt":"2016-04-01T20:56:58","guid":{"rendered":"http:\/\/www.scandinavia.ropefest.com\/?page_id=9"},"modified":"2016-06-16T23:46:36","modified_gmt":"2016-06-16T20:46:36","slug":"about","status":"publish","type":"page","link":"https:\/\/www.scandinavia.ropefest.com\/et\/about\/","title":{"rendered":"Rohkem festivalist"},"content":{"rendered":"<p>Kutsume Teid k\u00fclastama \u0161ibari festivali mis toimub Tallinnas 16-17 juuli 2016. aastal.<\/p>\n<p>Tallinn on kiiresti arenev euroopa linn, mis on suutnud s\u00e4ilitada oma ajaloolise v\u00e4limuse, k\u00fclalislahkust ja sellejuures saada kaasaegseks linnaks. Suureks Tallinna eeliseks on selle l\u00e4hedus Scandinaaviasse ja muu euroopa riikidesse, samas hindade tase on on tunduval madalam kui paljudes naaberriikides. See teeb Eesti k\u00fclastamist v\u00e4hem finantsiliselt koormavaks.<\/p>\n<p>RopeFest programm on traditsiooniliselt lai: suhtlemine, &#8220;peer rope&#8221;, seminaarid ja konkurss \u201cp\u00f5genemine\u201d.<\/p>\n<p>\u00d5htuks on planeeritud etendusprogramm: Scandinaavia ja Euroopa meistrid n\u00e4itavad oma \u0161ibari.<\/p>\n<p>Osalejate nimekiri ja t\u00e4psem festivali programm avaldatakse hiljem.<\/p><!-- iShare buttons -->\r\n<div data-description=\"Kutsume Teid k\u00fclastama \u0161ibari festivali mis toimub Tallinnas 16-17 juuli 2016. aastal. Tallinn on kiiresti arenev euroopa linn, mis on ...\"  data-title=\"Rohkem festivalist\"  data-url=\"https:\/\/www.scandinavia.ropefest.com\/et\/about\/\"  class=\"it-share-858543936f7011231598bf21a5609a76-9_2 horizontal left\"><\/div><script type=\"text\/javascript\" async charset=\"utf-8\" src=\"\/\/share.itraffic.su\/share.js?buttons=vk,fb,tw,tg,wa,mm&size=big&theme=34&direction=horizontal&add=0&key=858543936f7011231598bf21a5609a76-9_2\"><\/script>\r\n<!-- \/iShare buttons -->","protected":false},"excerpt":{"rendered":"<p>Kutsume Teid k\u00fclastama \u0161ibari festivali mis toimub Tallinnas 16-17 juuli 2016. aastal. Tallinn on kiiresti arenev euroopa linn, mis on suutnud s\u00e4ilitada oma ajaloolise v\u00e4limuse, k\u00fclalislahkust ja sellejuures saada kaasaegseks linnaks. Suureks Tallinna eeliseks on selle l\u00e4hedus Scandinaaviasse ja muu euroopa riikidesse, samas hindade tase on on tunduval madalam kui paljudes naaberriikides. See teeb Eesti<a class=\"moretag\" href=\"https:\/\/www.scandinavia.ropefest.com\/et\/about\/\"><span class=\"screen-reader-text\">Read more about Rohkem festivalist<\/span>[&#8230;]<\/a><\/p>\n","protected":false},"author":1,"featured_media":0,"parent":0,"menu_order":0,"comment_status":"closed","ping_status":"closed","template":"template-fullwidth.php","meta":{"footnotes":""},"class_list":["post-9","page","type-page","status-publish","hentry"],"_links":{"self":[{"href":"https:\/\/www.scandinavia.ropefest.com\/et\/wp-json\/wp\/v2\/pages\/9","targetHints":{"allow":["GET"]}}],"collection":[{"href":"https:\/\/www.scandinavia.ropefest.com\/et\/wp-json\/wp\/v2\/pages"}],"about":[{"href":"https:\/\/www.scandinavia.ropefest.com\/et\/wp-json\/wp\/v2\/types\/page"}],"author":[{"embeddable":true,"href":"https:\/\/www.scandinavia.ropefest.com\/et\/wp-json\/wp\/v2\/users\/1"}],"replies":[{"embeddable":true,"href":"https:\/\/www.scandinavia.ropefest.com\/et\/wp-json\/wp\/v2\/comments?post=9"}],"version-history":[{"count":0,"href":"https:\/\/www.scandinavia.ropefest.com\/et\/wp-json\/wp\/v2\/pages\/9\/revisions"}],"wp:attachment":[{"href":"https:\/\/www.scandinavia.ropefest.com\/et\/wp-json\/wp\/v2\/media?parent=9"}],"curies":[{"name":"wp","href":"https:\/\/api.w.org\/{rel}","templated":true}]}}